{"id":1101,"date":"2018-04-17T08:08:21","date_gmt":"2018-04-17T06:08:21","guid":{"rendered":"http:\/\/cendoc.h12o.es\/blog\/?page_id=1101"},"modified":"2025-03-20T10:27:40","modified_gmt":"2025-03-20T09:27:40","slug":"formacion","status":"publish","type":"page","link":"https:\/\/cendoc.h12o.es\/blog\/formacion\/","title":{"rendered":"Formaci\u00f3n"},"content":{"rendered":"<p>&nbsp;<\/p>\n<p><strong><em>UPTODATE\u00a0 Y UPTODATE ADVANCED EN LA PR\u00c1CTICA CL\u00cdNICA<\/em><\/strong><\/p>\n<ul>\n<li><a href=\"https:\/\/vid.uptodate.com\/watch\/MaJkNP7zMt2nkNucYYvK4B?\" target=\"_blank\" rel=\"noopener\">Webinar<\/a><\/li>\n<\/ul>\n<p>&nbsp;<\/p>\n<p><strong><em>TUTORIAL PORTAL C17: REVISTAS Y SOLICITUD ART\u00cdCULOS<\/em><\/strong><\/p>\n<ul>\n<li><a href=\"https:\/\/drive.google.com\/file\/d\/1tPRFTbLtHTGVXP0iyIAReWicbQXfcoNi\/view?usp=sharing\">Tutorial<\/a><\/li>\n<\/ul>\n<p>.<br \/>\n<strong><em>CVN-FECYT<\/em><\/strong><\/p>\n<ul>\n<li><a href=\"https:\/\/drive.google.com\/file\/d\/1emPwwAs_r6Tffv8c9W9j4rrVdXJnrImc\/view?usp=sharing\" target=\"_blank\" rel=\"noopener\">Tutorial sobre el uso del CVN<\/a><\/li>\n<\/ul>\n<p>.<br \/>\n<strong><em>APLICACIONES<\/em><\/strong><\/p>\n<ul>\n<li><a href=\"https:\/\/drive.google.com\/file\/d\/1DB3CweI8VNCqLIv45AdbZvpj7l0MREok\/view?usp=sharing\" target=\"_blank\" rel=\"noopener\">PubMed Impact Factor<\/a><\/li>\n<\/ul>\n<p>.<br \/>\n<strong><em>PRESENTACIONES<\/em><\/strong><\/p>\n<ul>\n<li><a href=\"https:\/\/drive.google.com\/file\/d\/1P2K0mn5HQKFXk1XojLeUdjx7v8Blptg9\/view?usp=sharing\" target=\"_blank\" rel=\"noopener\">Presentaci\u00f3n Biblioteca <\/a><\/li>\n<\/ul>\n<p>.<\/p>\n<p><em><strong>TUTORIALES<\/strong><\/em><\/p>\n<p><strong>A). FACTORES DE IMPACTO Y CUARTILES (WOS &#8211; JCR)<\/strong> (27 octubre 2020)<\/p>\n<ul>\n<li>1.- <a href=\"https:\/\/youtu.be\/vFhaejHZW8g\">Factor de impacto y cuartiles<\/a> (3:08 min.)<\/li>\n<li>2.- <a href=\"https:\/\/youtu.be\/X4GEoRS6w44\">Acceso a WOS y JCR<\/a> (2:22 min.)<\/li>\n<li>3.- <a href=\"https:\/\/youtu.be\/Z_fhTj35YR8\">Factores de impacto<\/a> (3:52 min.)<\/li>\n<li>4.- <a href=\"https:\/\/youtu.be\/vRp5hPcamRg\">Cuartiles<\/a> (2:11 min.)<\/li>\n<li>5.- <a href=\"https:\/\/youtu.be\/XZXNcvlE0BA\">Deciles y terciles<\/a> (4:01 min.)<\/li>\n<li>6.- <a href=\"https:\/\/youtu.be\/RBG8I4tszbE\">Resumen<\/a> (0:47 min.)<\/li>\n<\/ul>\n","protected":false},"excerpt":{"rendered":"<p>&nbsp; UPTODATE\u00a0 Y UPTODATE ADVANCED EN LA PR\u00c1CTICA CL\u00cdNICA Webinar &nbsp; TUTORIAL PORTAL C17: REVISTAS Y SOLICITUD ART\u00cdCULOS Tutorial . CVN-FECYT Tutorial sobre el uso del CVN . APLICACIONES PubMed Impact Factor . PRESENTACIONES Presentaci\u00f3n Biblioteca . TUTORIALES A). FACTORES DE IMPACTO Y CUARTILES (WOS &#8211; JCR) (27 octubre 2020) \u2026<\/p>\n<p class=\"continue-reading-button\"> <a class=\"continue-reading-link\" href=\"https:\/\/cendoc.h12o.es\/blog\/formacion\/\">Continuar leyendo<i class=\"crycon-right-dir\"><\/i><\/a><\/p>\n","protected":false},"author":8,"featured_media":0,"parent":0,"menu_order":0,"comment_status":"closed","ping_status":"closed","template":"","meta":{"jetpack_post_was_ever_published":false,"footnotes":""},"jetpack_shortlink":"https:\/\/wp.me\/P3G9TJ-hL","jetpack_sharing_enabled":true,"_links":{"self":[{"href":"https:\/\/cendoc.h12o.es\/blog\/wp-json\/wp\/v2\/pages\/1101"}],"collection":[{"href":"https:\/\/cendoc.h12o.es\/blog\/wp-json\/wp\/v2\/pages"}],"about":[{"href":"https:\/\/cendoc.h12o.es\/blog\/wp-json\/wp\/v2\/types\/page"}],"author":[{"embeddable":true,"href":"https:\/\/cendoc.h12o.es\/blog\/wp-json\/wp\/v2\/users\/8"}],"replies":[{"embeddable":true,"href":"https:\/\/cendoc.h12o.es\/blog\/wp-json\/wp\/v2\/comments?post=1101"}],"version-history":[{"count":65,"href":"https:\/\/cendoc.h12o.es\/blog\/wp-json\/wp\/v2\/pages\/1101\/revisions"}],"predecessor-version":[{"id":8443,"href":"https:\/\/cendoc.h12o.es\/blog\/wp-json\/wp\/v2\/pages\/1101\/revisions\/8443"}],"wp:attachment":[{"href":"https:\/\/cendoc.h12o.es\/blog\/wp-json\/wp\/v2\/media?parent=1101"}],"curies":[{"name":"wp","href":"https:\/\/api.w.org\/{rel}","templated":true}]}}