{"id":278,"date":"2016-04-29T10:52:59","date_gmt":"2016-04-29T10:52:59","guid":{"rendered":"http:\/\/cendoc.h12o.es\/blog\/?page_id=278"},"modified":"2026-03-23T13:29:26","modified_gmt":"2026-03-23T12:29:26","slug":"inicio","status":"publish","type":"page","link":"https:\/\/cendoc.h12o.es\/blog\/","title":{"rendered":"Inicio"},"content":{"rendered":"<p>&nbsp;<\/p>\n<p><strong><a href=\"https:\/\/cendoc.h12o.es\/blog\/wp-content\/uploads\/2026\/03\/Cartel-LavVARTE_2026-002.png\"><img loading=\"lazy\" decoding=\"async\" class=\"alignleft wp-image-11074\" src=\"https:\/\/cendoc.h12o.es\/blog\/wp-content\/uploads\/2026\/03\/Cartel-LavVARTE_2026-002.png\" alt=\"\" width=\"351\" height=\"496\" srcset=\"https:\/\/cendoc.h12o.es\/blog\/wp-content\/uploads\/2026\/03\/Cartel-LavVARTE_2026-002.png 1587w, https:\/\/cendoc.h12o.es\/blog\/wp-content\/uploads\/2026\/03\/Cartel-LavVARTE_2026-002-212x300.png 212w, https:\/\/cendoc.h12o.es\/blog\/wp-content\/uploads\/2026\/03\/Cartel-LavVARTE_2026-002-724x1024.png 724w, https:\/\/cendoc.h12o.es\/blog\/wp-content\/uploads\/2026\/03\/Cartel-LavVARTE_2026-002-768x1086.png 768w, https:\/\/cendoc.h12o.es\/blog\/wp-content\/uploads\/2026\/03\/Cartel-LavVARTE_2026-002-1086x1536.png 1086w, https:\/\/cendoc.h12o.es\/blog\/wp-content\/uploads\/2026\/03\/Cartel-LavVARTE_2026-002-1448x2048.png 1448w, https:\/\/cendoc.h12o.es\/blog\/wp-content\/uploads\/2026\/03\/Cartel-LavVARTE_2026-002-106x150.png 106w\" sizes=\"(max-width: 351px) 100vw, 351px\" \/><\/a><\/strong><\/p>\n<p>&nbsp;<\/p>\n<p>&nbsp;<\/p>\n<p><strong>Modalidad literaria \u2013 I Concurso de Relato Breve<\/strong><\/p>\n<p><a href=\"https:\/\/drive.google.com\/file\/d\/13DHV1ob1vePdqn5a5MXC-223YSwP0EsP\/view?usp=drive_link\">Bases espec\u00edficas<\/a><\/p>\n<p>Env\u00edo relato: <a href=\"https:\/\/forms.gle\/TD8fFfAzy3grVa2t7\">https:\/\/forms.gle\/TD8fFfAzy3grVa2t7<\/a><\/p>\n<p>&nbsp;<\/p>\n<p>PLAZOS<br \/>\nLa convocatoria del concurso LavARTE<br \/>\n2026 estar\u00e1 abierta desde el 16 de marzo<br \/>\nhasta el 15 de abril de 2026 (ambos<br \/>\ninclusive), en todas sus modalidades<\/p>\n<p>&nbsp;<\/p>\n<hr \/>\n<h5 style=\"text-align: center;\"><span style=\"color: #ff0000;\">El personal de la biblioteca estamos en la 9\u00aa planta del antiguo hospital materno-infantil <\/span><\/h5>\n<h5 style=\"text-align: center;\"><span style=\"color: #ff0000;\"><em>e-mail : <a href=\"mailto:biblio.hdoc@salud.madrid.org\">biblio.hdoc@salud.madrid.org\u00a0<\/a><\/em><br \/>\n<\/span><\/h5>\n<h5 style=\"text-align: center;\"><span style=\"color: #ff0000;\"><em>Tel\u00e9fonos:<\/em><\/span> <span style=\"color: #0000ff;\">452538<\/span> (ma\u00f1ana) \/ <span style=\"color: #0000ff;\">452530 <\/span>(tarde)<\/h5>\n<h5><\/h5>\n<h5 style=\"text-align: center;\"><span style=\"color: #ff0000;\">Actualmente, no se dispone de sala de estudio ni ordenadores, pod\u00e9is hacer uso del pabell\u00f3n docente. Disculpen las molestias.<\/span><\/h5>\n<div><\/div>\n<div>\n<hr \/>\n<\/div>\n<div>\n<div style=\"width: 49%; display: inline-block;\">\n<div style=\"min-height: 100px; text-align: center;\"><a href=\"\/blog\/navegadores-pubmed\" target=\"_blank\" rel=\"noopener\"><img decoding=\"async\" src=\"https:\/\/cendoc.h12o.es\/blog\/wp-content\/uploads\/2016\/04\/pubmed.png\" alt=\"Pubmed\" \/><\/a><\/div>\n<\/div>\n<div style=\"width: 49%; display: inline-block;\">\n<div style=\"min-height: 100px; text-align: center;\"><a href=\"https:\/\/m-hdoct.c17.net\/\"><img decoding=\"async\" src=\"https:\/\/cendoc.h12o.es\/blog\/wp-content\/uploads\/2016\/04\/opac.png\" alt=\"Revistas Online\" \/><\/a><\/div>\n<\/div>\n<\/div>\n<div>\n<div style=\"width: 49%; display: inline-block;\">\n<div style=\"min-height: 100px; text-align: center;\"><a href=\"https:\/\/m-hdoct.a17.csinet.es?url=https%3A%2F%2Fwww.uptodate.com%2Fcontents%2Fsearch\" target=\"_blank\" rel=\"noopener\"><img loading=\"lazy\" decoding=\"async\" src=\"https:\/\/cendoc.h12o.es\/blog\/wp-content\/uploads\/2016\/04\/uptodate.png\" alt=\"UpToDate\" width=\"193\" height=\"88\" \/><\/a><\/div>\n<\/div>\n<div style=\"width: 49%; display: inline-block;\">\n<div style=\"min-height: 100px; text-align: center;\"><a href=\"https:\/\/bvcscm.c17.net\/es\/o17\/user-accounts\/invitation\"> <img decoding=\"async\" src=\"https:\/\/cendoc.h12o.es\/blog\/wp-content\/uploads\/2016\/04\/papi.png\" alt=\"Alta de usuario\" \/> <\/a><\/div>\n<\/div>\n<\/div>\n<div>\n<div style=\"width: 49%; display: inline-block;\">\n<div style=\"min-height: 100px; text-align: center;\"><a style=\"color: #026c95;\" href=\"https:\/\/repositoriosaludmadrid.es\/\"><img decoding=\"async\" class=\"alignnone\" src=\"https:\/\/cendoc.h12o.es\/blog\/wp-content\/uploads\/2024\/06\/repositoriocam3.png\" alt=\"RepositorioCAM\" \/><\/a><\/div>\n<\/div>\n<p><a style=\"text-align: center;\" href=\"http:\/\/cendoc.h12o.es\/blog\/la-incubadora\/\">\u00a0\u00a0<\/a><a href=\"https:\/\/cendoc.h12o.es\/blog\/produccion-cientifica\/\"><img loading=\"lazy\" decoding=\"async\" class=\"\" src=\"https:\/\/cendoc.h12o.es\/blog\/wp-content\/uploads\/2023\/01\/pch12oportal.jpg\" alt=\"Producci\u00f3n cient\u00edfica art\u00edculos Hospital 12 de Octubre\" width=\"295\" height=\"74\" \/><\/a><\/p>\n<\/div>\n<div style=\"width: 49%; display: inline-block;\">\n<div style=\"min-height: 100px; text-align: center;\"><\/div>\n<\/div>\n<div style=\"width: 49%; display: inline-block;\">\n<div style=\"min-height: 100px; text-align: center;\"><\/div>\n<\/div>\n","protected":false},"excerpt":{"rendered":"<p>&nbsp; &nbsp; &nbsp; Modalidad literaria \u2013 I Concurso de Relato Breve Bases espec\u00edficas Env\u00edo relato: https:\/\/forms.gle\/TD8fFfAzy3grVa2t7 &nbsp; PLAZOS La convocatoria del concurso LavARTE 2026 estar\u00e1 abierta desde el 16 de marzo hasta el 15 de abril de 2026 (ambos inclusive), en todas sus modalidades &nbsp; El personal de la biblioteca \u2026<\/p>\n<p class=\"continue-reading-button\"> <a class=\"continue-reading-link\" href=\"https:\/\/cendoc.h12o.es\/blog\/\">Continuar leyendo<i class=\"crycon-right-dir\"><\/i><\/a><\/p>\n","protected":false},"author":7,"featured_media":0,"parent":0,"menu_order":0,"comment_status":"closed","ping_status":"closed","template":"","meta":{"jetpack_post_was_ever_published":false,"footnotes":""},"jetpack_shortlink":"https:\/\/wp.me\/P3G9TJ-4u","jetpack_sharing_enabled":true,"_links":{"self":[{"href":"https:\/\/cendoc.h12o.es\/blog\/wp-json\/wp\/v2\/pages\/278"}],"collection":[{"href":"https:\/\/cendoc.h12o.es\/blog\/wp-json\/wp\/v2\/pages"}],"about":[{"href":"https:\/\/cendoc.h12o.es\/blog\/wp-json\/wp\/v2\/types\/page"}],"author":[{"embeddable":true,"href":"https:\/\/cendoc.h12o.es\/blog\/wp-json\/wp\/v2\/users\/7"}],"replies":[{"embeddable":true,"href":"https:\/\/cendoc.h12o.es\/blog\/wp-json\/wp\/v2\/comments?post=278"}],"version-history":[{"count":146,"href":"https:\/\/cendoc.h12o.es\/blog\/wp-json\/wp\/v2\/pages\/278\/revisions"}],"predecessor-version":[{"id":7601,"href":"https:\/\/cendoc.h12o.es\/blog\/wp-json\/wp\/v2\/pages\/278\/revisions\/7601"}],"wp:attachment":[{"href":"https:\/\/cendoc.h12o.es\/blog\/wp-json\/wp\/v2\/media?parent=278"}],"curies":[{"name":"wp","href":"https:\/\/api.w.org\/{rel}","templated":true}]}}