{"id":301,"date":"2016-05-18T08:01:24","date_gmt":"2016-05-18T08:01:24","guid":{"rendered":"http:\/\/cendoc.h12o.es\/blog\/?page_id=301"},"modified":"2026-03-11T17:19:56","modified_gmt":"2026-03-11T16:19:56","slug":"quienes-somos","status":"publish","type":"page","link":"https:\/\/cendoc.h12o.es\/blog\/quienes-somos\/","title":{"rendered":"\u00bfQui\u00e9nes s\u00f3mos?"},"content":{"rendered":"<h4 style=\"text-align: center;\"><span style=\"color: #ff0000;\"><strong>BIBLIOTECA ESPECIALIZADA DE CIENCIAS DE LA SALUD H12O<\/strong><\/span><\/h4>\n<p>&nbsp;<\/p>\n<p style=\"text-align: center;\"><strong>Correo General: <span style=\"color: #3366ff;\">biblio.hdoc@salud.madrid.org<\/span><\/strong><\/p>\n<p style=\"text-align: center;\"><strong>Correo pr\u00e9stamo<\/strong>: <strong><a href=\"mailto:sod@h12o.es\">sod@h12o.es<\/a><\/strong><\/p>\n<p><span style=\"color: #0000ff;\"><strong>&#8211; RESPONSABLE DEL SERVICIO<\/strong><\/span><br \/>\nNatalia Gutierrez Casado<br \/>\n<em>Bibliotecaria\/Documentalista<\/em><\/p>\n<p><span style=\"color: #0000ff;\"><strong>&#8211; GESTI\u00d3N DEL PR\u00c9STAMO<\/strong><\/span><br \/>\n<span style=\"color: #0000ff;\"><strong> INTERBIBLIOTECARIO \/ PRODUCCI\u00d3N CIENT\u00cdFICA<\/strong><\/span><br \/>\nGema Serrano<br \/>\n<em>Auxiliar Biblioteca (ma\u00f1ana)<\/em><\/p>\n<p><span style=\"color: #0000ff;\"><strong>&#8211; GESTI\u00d3N DE LA COLECCI\u00d3N &#8211; REPOSITORIO<\/strong><\/span><br \/>\nRosa Maria Grande S\u00e1nchez<br \/>\n<em>Administrativo Biblioteca (ma\u00f1ana)<\/em><\/p>\n<p><span style=\"color: #0000ff;\"><strong>&#8211; GESTI\u00d3N COLECCI\u00d3N LIBROS\/ PRODUCCION CIENT\u00cdFICA<\/strong><\/span><br \/>\nJes\u00fas Medrano<br \/>\n<em>Auxiliar Biblioteca (tarde)<\/em><\/p>\n","protected":false},"excerpt":{"rendered":"<p>BIBLIOTECA ESPECIALIZADA DE CIENCIAS DE LA SALUD H12O &nbsp; Correo General: biblio.hdoc@salud.madrid.org Correo pr\u00e9stamo: sod@h12o.es &#8211; RESPONSABLE DEL SERVICIO Natalia Gutierrez Casado Bibliotecaria\/Documentalista &#8211; GESTI\u00d3N DEL PR\u00c9STAMO INTERBIBLIOTECARIO \/ PRODUCCI\u00d3N CIENT\u00cdFICA Gema Serrano Auxiliar Biblioteca (ma\u00f1ana) &#8211; GESTI\u00d3N DE LA COLECCI\u00d3N &#8211; REPOSITORIO Rosa Maria Grande S\u00e1nchez Administrativo Biblioteca (ma\u00f1ana) \u2026<\/p>\n<p class=\"continue-reading-button\"> <a class=\"continue-reading-link\" href=\"https:\/\/cendoc.h12o.es\/blog\/quienes-somos\/\">Continuar leyendo<i class=\"crycon-right-dir\"><\/i><\/a><\/p>\n","protected":false},"author":8,"featured_media":0,"parent":0,"menu_order":0,"comment_status":"closed","ping_status":"closed","template":"","meta":{"jetpack_post_was_ever_published":false,"footnotes":""},"jetpack_shortlink":"https:\/\/wp.me\/P3G9TJ-4R","jetpack_sharing_enabled":true,"_links":{"self":[{"href":"https:\/\/cendoc.h12o.es\/blog\/wp-json\/wp\/v2\/pages\/301"}],"collection":[{"href":"https:\/\/cendoc.h12o.es\/blog\/wp-json\/wp\/v2\/pages"}],"about":[{"href":"https:\/\/cendoc.h12o.es\/blog\/wp-json\/wp\/v2\/types\/page"}],"author":[{"embeddable":true,"href":"https:\/\/cendoc.h12o.es\/blog\/wp-json\/wp\/v2\/users\/8"}],"replies":[{"embeddable":true,"href":"https:\/\/cendoc.h12o.es\/blog\/wp-json\/wp\/v2\/comments?post=301"}],"version-history":[{"count":17,"href":"https:\/\/cendoc.h12o.es\/blog\/wp-json\/wp\/v2\/pages\/301\/revisions"}],"predecessor-version":[{"id":11025,"href":"https:\/\/cendoc.h12o.es\/blog\/wp-json\/wp\/v2\/pages\/301\/revisions\/11025"}],"wp:attachment":[{"href":"https:\/\/cendoc.h12o.es\/blog\/wp-json\/wp\/v2\/media?parent=301"}],"curies":[{"name":"wp","href":"https:\/\/api.w.org\/{rel}","templated":true}]}}