{"id":445,"date":"2016-07-12T09:55:42","date_gmt":"2016-07-12T09:55:42","guid":{"rendered":"http:\/\/cendoc.h12o.es\/blog\/?page_id=445"},"modified":"2026-02-16T11:38:34","modified_gmt":"2026-02-16T10:38:34","slug":"recursos","status":"publish","type":"page","link":"https:\/\/cendoc.h12o.es\/blog\/recursos\/","title":{"rendered":"Recursos Informaci\u00f3n"},"content":{"rendered":"<h4 class=\"collapseomatic \" id=\"id69e0715ebf924\" rel=\"category-highlander\" tabindex=\"0\" title=\"RECURSOS EVALUACION CIENTIFICA. CURRICULUM NARRATIVO\"    >RECURSOS EVALUACION CIENTIFICA. CURRICULUM NARRATIVO<\/h4><div id=\"target-id69e0715ebf924\" class=\"collapseomatic_content \">\n<ul>\n<li>\n<p class=\"page-header first-page-header\"><a href=\"https:\/\/digibug.ugr.es\/handle\/10481\/99830\">Evaluaci\u00f3n cient\u00edfica en el marco de DORA y CoARA: de los principios te\u00f3ricos a la pr\u00e1ctica del curr\u00edculum narrativo<\/a>. Daniel Torres Salinas. Universidad de Granada<\/p>\n<\/li>\n<li>\n<p class=\"title_big\"><a href=\"https:\/\/infonomy.scimagoepi.com\/index.php\/infonomy\/article\/view\/48\/78\" target=\"_blank\" rel=\"noopener\">\u00abQu\u00e9 es un CV narrativo. 10 recomendaciones para su redacci\u00f3n eficiente <\/a>Cabezas-Clavijo, \u00c1lvaro(2024).\u00bbQu\u00e9 es un CV narrativo. 10 recomendaciones para su redacci\u00f3n eficiente [What is a narrative CV. 10 tips for its efficient writing]\u00bb. Infonomy, 2(2)e24031.https:\/\/doi.org\/10.3145\/infonomy.24.031<\/p>\n<\/li>\n<\/ul>\n<p><strong>CONVOCATORIAS ISCIII<\/strong><\/p>\n<ul>\n<li><a href=\"https:\/\/www.idisna.es\/docs\/ImagenesEditor\/2023\/12\/Guia_basica_de_indicadores_DORA_v2.pdf\">Gu\u00eda r\u00e1pida de indicadores para la defensa del impacto cient\u00edfico en convocatorias ISCIII considerando las recomendaciones DORA<\/a>.<\/li>\n<li>\n<p id=\"s-lg-guide-name\"><strong><a href=\"https:\/\/uniovi.libguides.com\/c.php?g=726444&amp;p=5286353\">CVN-FECYT : Gu\u00eda pr\u00e1ctica para agregar trabajos acad\u00e9micos<\/a><\/strong>. Elaborada por la Universidad de Oviedo<\/p>\n<\/li>\n<li><strong><a href=\"https:\/\/zenodo.org\/records\/18606931\">\u00bfC\u00f3mo preparar el CVA-Narrativo para las convocatorias del ISCIII?<\/a><\/strong>. Defensa de aportaciones y resumen del cv. Por Daniel Torres-Salinas &#8211; Universidad de Granada<\/li>\n<\/ul>\n<div><strong>ACREDITACION ANECA<\/strong><\/div>\n<div><\/div>\n<div><\/div>\n<ul>\n<li><a href=\"https:\/\/www.aneca.es\/web\/guest\/acreditaciones-sexenios\">Acreditaciones y sexenios<\/a>. ANECA<\/li>\n<li>\n<h6 class=\"style-scope ytd-watch-metadata\"><a href=\"https:\/\/www.youtube.com\/watch?v=bK0x3ldMcFQ\">C\u00f3mo preparar la defensa narrativa de sexenios: Excel + IA<\/a> .\u00a0 <span class=\"yt-core-attributed-string--link-inherit-color\" dir=\"auto\">En este v\u00eddeo, \u00d3liver Mart\u00edn, de la Biblioteca de Enfermer\u00eda, Fisioterapia y Podolog\u00eda de la UCM <\/span><span class=\"yt-core-attributed-string--link-inherit-color\" dir=\"auto\">muestra una metodolog\u00eda pr\u00e1ctica para organizar los datos de vuestras aportaciones y redactar la narrativa de sexenios de investigaci\u00f3n.<\/span><\/h6>\n<ul>\n<li>\n<h6 class=\"item-page-title-field\"><a href=\"https:\/\/docta.ucm.es\/entities\/publication\/325e50d6-714c-42ab-b7c8-734c57da76d4\"><span class=\"dont-break-out\">Material de apoyo para la defensa narrativa de sexenios: hoja de indicadores y ejemplo de prompt para IA (NotebookLM)<\/span><\/a><\/h6>\n<\/li>\n<\/ul>\n<\/li>\n<\/ul>\n<div id=\"s-lg-content-35684554\" class=\"\">\n<ul>\n<li><a href=\"https:\/\/hdl.handle.net\/20.500.14352\/115716\" target=\"_blank\" rel=\"noopener\"><i class=\"fa fa-bell\"><\/i>Defensas de aportaciones para sexenios: ejemplos del \u00e1rea de Enfermer\u00eda, Fisioterapia y Podolog\u00eda (Convocatoria 2023)\u00a0<\/a>Documento elaborado por \u00d3liver Mart\u00edn, director de la Biblioteca de Enfermer\u00eda, Fisioterapia y Podolog\u00eda de la UCM, con las defensas narrativas que profesores de la misma hicieron de sus aportaciones y que se valoraron positivamente en la convocatoria de sexenios 2024.<\/li>\n<li><a href=\"https:\/\/digibug.ugr.es\/handle\/10481\/99416\" target=\"_blank\" rel=\"noopener\"><i class=\"fa fa-bell\"><\/i>Torres-Salinas, D. (2025). Mi sexenio de investigaci\u00f3n: un modelo de defensa de cinco aportaciones con sus narrativas e indicadores. \u00a0<\/a>Digibuc<\/li>\n<\/ul>\n<\/div>\n<ul>\n<li class=\"\">\n<div id=\"s-lg-content-35693806\" class=\"\"><a href=\"https:\/\/biblioguias.uma.es\/ld.php?content_id=35365005\" target=\"_blank\" rel=\"noopener\">Ejemplos de narrativa para indicadores bibliom\u00e9tricos. <\/a>Biblioteca de la Universidad de Oviedo<\/div>\n<\/li>\n<li><a href=\"https:\/\/boe.es\/boe\/dias\/2025\/12\/19\/pdfs\/BOE-A-2025-26118.pdf\">Resoluci\u00f3n de 10 de diciembre de 2025, de la Comisi\u00f3n Nacional Evaluadora<\/a><br \/>\nde la Actividad Investigadora, por la que se publican los criterios para la<br \/>\nevaluaci\u00f3n de la actividad investigadora<\/li>\n<\/ul>\n<\/div>\n<h4 class=\"collapseomatic \" id=\"id69e0715ebf96f\" rel=\"category-highlander\" tabindex=\"0\" title=\"REPOSITORIO INSTITUCIONAL\"    >REPOSITORIO INSTITUCIONAL<\/h4><div id=\"target-id69e0715ebf96f\" class=\"collapseomatic_content \">\n<ul>\n<li><a href=\"https:\/\/repositoriosaludmadrid.es\/home\" target=\"_blank\" rel=\"noopener\">RIMASalud.<\/a> El Repositorio Institucional de la Consejer\u00eda de Sanidad de la Comunidad de Madrid. <a href=\"https:\/\/www.comunidad.madrid\/servicios\/salud\/biblioteca-virtual-consejeria-sanidad#repositorio-institucional\">Gu\u00eda de autoarchivo<\/a><\/li>\n<li><a href=\"https:\/\/digital.csic.es\/bitstream\/10261\/173801\/1\/Maredata-recomendaciones-ESP.pdf\" target=\"_blank\" rel=\"noopener\">Recomendaciones para la gesti\u00f3n de datos de investigaci\u00f3n dirigidas a investigadores.<\/a> MareData Red Espa\u00f1ola sobre Datos de Investigaci\u00f3n en Abierto. Autora: Remedios Melero<\/li>\n<\/ul>\n<\/div>\n<h4 class=\"collapseomatic \" id=\"id69e0715ebf983\" rel=\"category-highlander\" tabindex=\"0\" title=\"ACCESO ABIERTO\"    >ACCESO ABIERTO<\/h4><div id=\"target-id69e0715ebf983\" class=\"collapseomatic_content \">\n<ul>\n<li><a href=\"https:\/\/bip.imsi.athenarc.gr\/\" target=\"_blank\" rel=\"noopener\">BIP<\/a><\/li>\n<li><a href=\"https:\/\/creativecommons.org\/licenses\/?lang=es_es\" target=\"_blank\" rel=\"noopener\">CREATIVE COMMONS<\/a><\/li>\n<li><a href=\"https:\/\/dissem.in\/\" target=\"_blank\" rel=\"noopener\">DISSEMIN<\/a><\/li>\n<li><a href=\"https:\/\/www.dovepress.com\/browse_journals.php\" target=\"_blank\" rel=\"noopener\"> DOVEPRESS<\/a><\/li>\n<li><a href=\"http:\/\/www.accesoabierto.net\/dulcinea\/\">DULCINEA<\/a><\/li>\n<li><a href=\"https:\/\/jamanetwork.com\/journals\/jamanetworkopen\" target=\"_blank\" rel=\"noopener\">JAMA Network open<\/a><\/li>\n<li><a href=\"https:\/\/www.journalguide.com\/\" target=\"_blank\" rel=\"noopener\">JOURNALGUIDE<\/a><\/li>\n<li><a href=\"https:\/\/latindex.org\/latindex\/\" target=\"_blank\" rel=\"noopener\">LATINDEX &#8211; Portal de Portales<\/a><\/li>\n<li><a href=\"https:\/\/www.omicsonline.org\/open-access-journals-list.php\">OMICS<\/a><\/li>\n<li><a href=\"https:\/\/www.openaire.eu\/\" target=\"_blank\" rel=\"noopener\">OPENAIRE<\/a><\/li>\n<li><a href=\"https:\/\/openalex.org\/works?page=1\" target=\"_blank\" rel=\"noopener\">OPENALEX<\/a><\/li>\n<li><a href=\"http:\/\/www.sherpa.ac.uk\/romeo\/index.php?la=es&amp;id=&amp;fIDnum=|&amp;mode=simple&amp;type=&amp;search=&amp;prule=&amp;jrule\">SHERPA-ROMEO<\/a><\/li>\n<\/ul>\n<\/div>\n<h4 class=\"collapseomatic \" id=\"id69e0715ebf992\" rel=\"category-highlander\" tabindex=\"0\" title=\"BASES DE DATOS ENFERMERIA\"    >BASES DE DATOS ENFERMERIA<\/h4><div id=\"target-id69e0715ebf992\" class=\"collapseomatic_content \">\n<ul>\n<li><a href=\"http:\/\/bases.bireme.br\/cgi-bin\/wxislind.exe\/iah\/online\/?IsisScript=iah\/iah.xis&amp;base=BDENF&amp;lang=e&amp;form=F\">BDENF<\/a><\/li>\n<li><a href=\"http:\/\/teledoc.urv.es\/cuidatge\/\">CUIDATGE<\/a><\/li>\n<li><a href=\"http:\/\/alfama.sim.ucm.es\/isishtm\/enfispo.htm\">ENFISPO<\/a><\/li>\n<li><a href=\"http:\/\/index-f.com\/hc\/\">HEMEROTECA VIRTUAL CANTARIDA &#8211; CIBERINDEX<\/a><\/li>\n<li><a href=\"http:\/\/www.naric.com\/\">REHABDATA<\/a><\/li>\n<\/ul>\n<\/div>\n<h4 class=\"collapseomatic \" id=\"id69e0715ebf99f\" rel=\"category-highlander\" tabindex=\"0\" title=\"BASES DE DATOS EN ESPA\u00d1OL\"    >BASES DE DATOS EN ESPA\u00d1OL<\/h4><div id=\"target-id69e0715ebf99f\" class=\"collapseomatic_content \">\n<ul>\n<li><a href=\"http:\/\/dtme.ranm.es\/index.aspx\" target=\"_blank\" rel=\"noopener noreferrer\">DICCIONARIO T\u00c9RMINOS M\u00c9DICOS (RANM)<\/a><\/li>\n<li><a href=\"http:\/\/ibecs.isciii.es\/cgi-bin\/wxislind.exe\/iah\/online\/?IsisScript=iah\/iah.xis&amp;base=IBECS&amp;lang=e\">IBECS<\/a><\/li>\n<li><a href=\"https:\/\/indices.csic.es\/\" target=\"_blank\" rel=\"noopener\"> \u00cdnDICEs CSIC<\/a><\/li>\n<li><a href=\"http:\/\/lilacs.bvsalud.org\/es\/\">LILACS<\/a><\/li>\n<li><a href=\"https:\/\/www.medes.com\/Public\/Home.aspx\">MEDES<\/a><\/li>\n<li><a href=\"https:\/\/www.re3data.org\/\" target=\"_blank\" rel=\"noopener\">RE3DATA<\/a><\/li>\n<\/ul>\n<\/div>\n<h4 class=\"collapseomatic \" id=\"id69e0715ebf9ab\" rel=\"category-highlander\" tabindex=\"0\" title=\"BASES DE DATOS MONOGR\u00c1FICAS\"    >BASES DE DATOS MONOGR\u00c1FICAS<\/h4><div id=\"target-id69e0715ebf9ab\" class=\"collapseomatic_content \">\n<ul>\n<li><a href=\"http:\/\/redpoll.pharmacy.ualberta.ca\/drugbank\/\">DRUGBANK<\/a><\/li>\n<li><a href=\"http:\/\/www.otseeker.com\/\">OT SEEKER<\/a><\/li>\n<\/ul>\n<\/div>\n<h4 class=\"collapseomatic \" id=\"id69e0715ebf9b8\" rel=\"category-highlander\" tabindex=\"0\" title=\"CAT\u00c1LOGOS BIBLIOTECAS\"    >CAT\u00c1LOGOS BIBLIOTECAS<\/h4><div id=\"target-id69e0715ebf9b8\" class=\"collapseomatic_content \">\n<ul>\n<li><a href=\"http:\/\/www.bne.es\/es\/Inicio\/index.html\">BIBLIOTECA NACIONAL (ESPA\u00d1A)<\/a><\/li>\n<li><a href=\"http:\/\/absysnet.isciii.es\/opac\/abnetcl.exe\/O7012\/ID42266f45?ACC=101\">BIBLIOTECA NACIONAL DE CIENCIAS DE LA SALUD (ESPA\u00d1A)<\/a><\/li>\n<li><a href=\"https:\/\/www.comunidad.madrid\/servicios\/salud\/biblioteca-virtual-consejeria-sanidad\" target=\"_blank\" rel=\"noopener\">BIBLIOTECA VIRTUAL CONSEJER\u00cdA SANIDAD MADRID<\/a><\/li>\n<li><a href=\"http:\/\/bvingesa.msc.es\/bvingesa\/es\/estaticos\/contenido.cmd?pagina=estaticos\/presentacion\" target=\"_blank\" rel=\"noopener noreferrer\">BIBLIOTECA VIRTUAL INGESA<\/a><\/li>\n<li><a href=\"http:\/\/bibliotecavirtual.ranm.es\/ranm\/es\/inicio\/inicio.do\" target=\"_blank\" rel=\"noopener noreferrer\">BIBLIOTECA VIRTUAL REAL ACADEMIA NACIONAL MEDICINA<\/a><\/li>\n<li><a href=\"http:\/\/www.mcu.es\/webISBN\/tituloSimpleFilter.do?cache=init&amp;prev_layout=busquedaisbn&amp;layout=busquedaisbn&amp;language=es\" target=\"_blank\" rel=\"noopener noreferrer\">CAT\u00c1LOGO ISBN<\/a><\/li>\n<li><a href=\"http:\/\/cisne.sim.ucm.es\/screens\/mainmenu.html\">CISNE (UNIVERSIDAD COMPLUTENSE)<\/a><\/li>\n<li><a href=\"http:\/\/bibliotecas.csic.es\/es\/catalogos\" target=\"_blank\" rel=\"noopener\">CSIC<\/a><\/li>\n<li><a href=\"https:\/\/www.loc.gov\/\" target=\"_blank\" rel=\"noopener noreferrer\">LIBRARY OF CONGRESS<\/a><\/li>\n<li><a href=\"https:\/\/catalog.nlm.nih.gov\/discovery\/search?vid=01NLM_INST:01NLM_INST\" target=\"_blank\" rel=\"noopener\">LOCATORPLUS<\/a><\/li>\n<li><a href=\"http:\/\/www.rebiun.org\/Paginas\/Inicio.aspx\">REBIUN<\/a><\/li>\n<\/ul>\n<\/div>\n<h4 class=\"collapseomatic \" id=\"id69e0715ebf9c4\" rel=\"category-highlander\" tabindex=\"0\" title=\"ESCRITURA CIENT\u00cdFICA\"    >ESCRITURA CIENT\u00cdFICA<\/h4><div id=\"target-id69e0715ebf9c4\" class=\"collapseomatic_content \">\n<ul>\n<li><a href=\"https:\/\/apastyle.apa.org\/\" target=\"_blank\" rel=\"noopener\">APA<\/a><\/li>\n<li><a href=\"https:\/\/enclavedeciencia.rae.es\/inicio\" target=\"_blank\" rel=\"noopener noreferrer\">ENCLAVE DE CIENCIA<\/a><\/li>\n<li><a href=\"http:\/\/www.mendeley.com\/\">MENDELEY<\/a><\/li>\n<li><a href=\"http:\/\/www.ncbi.nlm.nih.gov\/books\/NBK7256\/\">NLM<\/a><\/li>\n<li><a href=\"https:\/\/www.fisterra.com\/formacion\/metodologia-investigacion\/estilo-vancouver\/\" target=\"_blank\" rel=\"noopener\">VANCOUVER<\/a><\/li>\n<li><a href=\"http:\/\/www.zotero.org\/\">ZOTERO<\/a><\/li>\n<\/ul>\n<\/div>\n<h4 class=\"collapseomatic \" id=\"id69e0715ebf9d0\" rel=\"category-highlander\" tabindex=\"0\" title=\"EVIDENCIA CIENT\u00cdFICA\"    >EVIDENCIA CIENT\u00cdFICA<\/h4><div id=\"target-id69e0715ebf9d0\" class=\"collapseomatic_content \">\n<ul>\n<li><a href=\"https:\/\/evidenciaencuidados.es\/es\/index.php\/recursos-evidencia\" target=\"_blank\" rel=\"noopener\">CECBE<\/a><\/li>\n<li><a href=\"http:\/\/www.york.ac.uk\/inst\/crd\/\" target=\"_blank\" rel=\"noopener\">CENTRE FOR REVIEWS AND DISSEMINATION<\/a><\/li>\n<li><a href=\"https:\/\/dianasalud.com\/\" target=\"_blank\" rel=\"noopener\">DIANASALUD<\/a><\/li>\n<li><a href=\"http:\/\/www.epistemonikos.org\/es\/\">EPISTEMONIKOS<\/a><\/li>\n<li><a href=\"https:\/\/m-hdoct.a17.csinet.es?url=http%3A%2F%2Fwww.fisterra.com\">FISTERRA<\/a><\/li>\n<li><a href=\"https:\/\/m-hdoct.a17.csinet.es\/?url=https%3A%2F%2Fwww.pcronline.com%2F\" target=\"_blank\" rel=\"noopener\">PCRonline<\/a><\/li>\n<li><a href=\"https:\/\/www.tripdatabase.com\/\">TRIP MEDICAL DATABASE<\/a><\/li>\n<li><a href=\"https:\/\/www.educacion.gob.es\/teseo\/irGestionarConsulta.do;jsessionid=5CA75BD45D7B06BA8B35DFB5AA5861ED\" target=\"_blank\" rel=\"noopener noreferrer\">TESIS DOCTORALES<\/a><\/li>\n<\/ul>\n<\/div>\n<h4 class=\"collapseomatic \" id=\"id69e0715ebf9dc\" rel=\"category-highlander\" tabindex=\"0\" title=\"HGMD\"    >HGMD<\/h4><div id=\"target-id69e0715ebf9dc\" class=\"collapseomatic_content \">\n<ul>\n<li style=\"list-style-type: none;\">\n<ul>\n<li><a href=\"https:\/\/apps.ingenuity.com\/ingsso\/login?service=https%3A%2F%2Fmy.qiagendigitalinsights.com%2Fbbp%2Flogin%2Fcas\" target=\"_blank\" rel=\"noopener noreferrer\">HGMD<\/a><\/li>\n<\/ul>\n<\/li>\n<\/ul>\n<\/div>\n<h4 class=\"collapseomatic \" id=\"id69e0715ebf9e8\" rel=\"category-highlander\" tabindex=\"0\" title=\"INDICADORES BIBLIOM\u00c9TRICOS\"    >INDICADORES BIBLIOM\u00c9TRICOS<\/h4><div id=\"target-id69e0715ebf9e8\" class=\"collapseomatic_content \">\n<ul>\n<li><a href=\"http:\/\/eigenfactor.org\/\">EIGEN FACTOR DE IMPACTO<\/a><\/li>\n<li><a href=\"http:\/\/wp.me\/p3G9TJ-cm\">FACTOR DE IMPACTO EN JCR<\/a><\/li>\n<li><a href=\"https:\/\/indices.csic.es\/\" target=\"_blank\" rel=\"noopener\"> \u00cdnDICEs CSIC<\/a><\/li>\n<li><a href=\"http:\/\/miar.ub.edu\/es\">MIAR<\/a><\/li>\n<li><a href=\"http:\/\/www.scimagojr.com\/\">SCIMAGO<\/a><\/li>\n<\/ul>\n<\/div>\n<h4 class=\"collapseomatic \" id=\"id69e0715ebf9f4\" rel=\"category-highlander\" tabindex=\"0\" title=\"INFORMACI\u00d3N AL PACIENTE\"    >INFORMACI\u00d3N AL PACIENTE<\/h4><div id=\"target-id69e0715ebf9f4\" class=\"collapseomatic_content \">\n<ul>\n<li><a href=\"https:\/\/escuelapacienteexperto.org\/\" target=\"_blank\" rel=\"noopener\">ESCUELA PACIENTE EXPERTO_CORAZ\u00d3N<\/a><\/li>\n<li><a href=\"https:\/\/escueladepacientes.es\/\" target=\"_blank\" rel=\"noopener\">ESCUELA DE PACIENTES<\/a><\/li>\n<li><a href=\"https:\/\/aeuexp.aeu.es\/\" target=\"_blank\" rel=\"noopener\">EXPERIENCIA DEL PACIENTE EN SALUD UROL\u00d3GICA<\/a><\/li>\n<li><a href=\"https:\/\/www.aegastro.es\/p\/infogastrum\/\" target=\"_blank\" rel=\"noopener\">INFOGASTRUM<\/a><\/li>\n<li><a href=\"https:\/\/medlineplus.gov\/spanish\/\" target=\"_blank\" rel=\"noopener\">MEDLINEPLUS<\/a><\/li>\n<li><a href=\"https:\/\/www.pacientessemergen.es\/\" target=\"_blank\" rel=\"noopener\">PACIENTES SEMERGEN<\/a><\/li>\n<li><a href=\"https:\/\/aedv.fundacionpielsana.es\/pacientes\" target=\"_blank\" rel=\"noopener\">PIEL SANA<\/a><\/li>\n<li><a href=\"http:\/\/www.salupedia.org\/\" target=\"_blank\" rel=\"noopener\">SALUPEDIA<\/a><\/li>\n<li><a href=\"https:\/\/www.vivirconem.com\/\" target=\"_blank\" rel=\"noopener\">VIVIR CON EM<\/a><\/li>\n<li><a href=\"http:\/\/www.espalda.org\/\" target=\"_blank\" rel=\"noopener\">WEB DE LA ESPALDA<\/a><\/li>\n<\/ul>\n<\/div>\n<h4 class=\"collapseomatic \" id=\"id69e0715ebf9ff\" rel=\"category-highlander\" tabindex=\"0\" title=\"TERMINOLOG\u00cdA\"    >TERMINOLOG\u00cdA<\/h4><div id=\"target-id69e0715ebf9ff\" class=\"collapseomatic_content \">\n<ul>\n<li><a href=\"http:\/\/dtme.ranm.es\/index.aspx\" target=\"_blank\" rel=\"noopener noreferrer\">DICCIONARIO T\u00c9RMINOS M\u00c9DICOS (RANM)<\/a><\/li>\n<li><a href=\"https:\/\/decs.bvsalud.org\/E\/homepagee.htm\">DESC<\/a><\/li>\n<li><a href=\"https:\/\/www.ncbi.nlm.nih.gov\/mesh\/\">MESH<\/a><\/li>\n<\/ul>\n<\/div>\n<h4 class=\"collapseomatic \" id=\"id69e0715ebfa0b\" rel=\"category-highlander\" tabindex=\"0\" title=\"TESIS DOCTORALES\"    >TESIS DOCTORALES<\/h4><div id=\"target-id69e0715ebfa0b\" class=\"collapseomatic_content \">\n<ul>\n<li><a href=\"https:\/\/www.dart-europe.org\/basic-search.php\" target=\"_blank\" rel=\"noopener noreferrer\">DART &#8211; EUROPE<\/a><\/li>\n<li><a href=\"https:\/\/dialnet.unirioja.es\/tesis\" target=\"_blank\" rel=\"noopener noreferrer\">DIALNET<\/a><\/li>\n<li><a href=\"https:\/\/eprints.ucm.es\/\" target=\"_blank\" rel=\"noopener noreferrer\">EPRINTS UNIVERSIDAD COMPLUTENSE<\/a><\/li>\n<li><a href=\"http:\/\/search.ndltd.org\/\" target=\"_blank\" rel=\"noopener noreferrer\">NDLTD \u2013 The Networked Digital Library of Theses and Dissertations<\/a><\/li>\n<li><a href=\"https:\/\/oatd.org\/\" target=\"_blank\" rel=\"noopener noreferrer\">OATD<\/a><\/li>\n<li><a href=\"https:\/\/www.educacion.gob.es\/teseo\/irGestionarConsulta.do;jsessionid=5CA75BD45D7B06BA8B35DFB5AA5861ED\" target=\"_blank\" rel=\"noopener noreferrer\">TESEO<\/a><\/li>\n<li><a href=\"https:\/\/www.tesisenred.net\/?locale-attribute=es\" target=\"_blank\" rel=\"noopener noreferrer\">TDX (Tesis Doctorales en Xarxa)<\/a><\/li>\n<li><a href=\"https:\/\/www.uam.es\/EscuelaDoctorado\/(es_ES)-Tesis-Doctorales-de-la-UAM\/1429099856999.htm?language=es_ES&amp;nodepath=Tesis%20Doctorales%20de%20la%20UAM\" target=\"_blank\" rel=\"noopener noreferrer\">TESIS UAM<\/a><\/li>\n<li><a href=\"http:\/\/escuela-doctorado.uah.es\/tesis\/tesis.asp\" target=\"_blank\" rel=\"noopener noreferrer\">TESIS UNIVERSIDAD ALCAL\u00c1<\/a><\/li>\n<\/ul>\n<\/div>\n","protected":false},"excerpt":{"rendered":"<p class=\"continue-reading-button\"> <a class=\"continue-reading-link\" href=\"https:\/\/cendoc.h12o.es\/blog\/recursos\/\">Continuar leyendo<i class=\"crycon-right-dir\"><\/i><\/a><\/p>\n","protected":false},"author":7,"featured_media":0,"parent":0,"menu_order":0,"comment_status":"closed","ping_status":"closed","template":"","meta":{"jetpack_post_was_ever_published":false,"footnotes":""},"jetpack_shortlink":"https:\/\/wp.me\/P3G9TJ-7b","jetpack_sharing_enabled":true,"_links":{"self":[{"href":"https:\/\/cendoc.h12o.es\/blog\/wp-json\/wp\/v2\/pages\/445"}],"collection":[{"href":"https:\/\/cendoc.h12o.es\/blog\/wp-json\/wp\/v2\/pages"}],"about":[{"href":"https:\/\/cendoc.h12o.es\/blog\/wp-json\/wp\/v2\/types\/page"}],"author":[{"embeddable":true,"href":"https:\/\/cendoc.h12o.es\/blog\/wp-json\/wp\/v2\/users\/7"}],"replies":[{"embeddable":true,"href":"https:\/\/cendoc.h12o.es\/blog\/wp-json\/wp\/v2\/comments?post=445"}],"version-history":[{"count":86,"href":"https:\/\/cendoc.h12o.es\/blog\/wp-json\/wp\/v2\/pages\/445\/revisions"}],"predecessor-version":[{"id":10645,"href":"https:\/\/cendoc.h12o.es\/blog\/wp-json\/wp\/v2\/pages\/445\/revisions\/10645"}],"wp:attachment":[{"href":"https:\/\/cendoc.h12o.es\/blog\/wp-json\/wp\/v2\/media?parent=445"}],"curies":[{"name":"wp","href":"https:\/\/api.w.org\/{rel}","templated":true}]}}