{"id":492,"date":"2016-07-18T11:36:03","date_gmt":"2016-07-18T11:36:03","guid":{"rendered":"http:\/\/cendoc.h12o.es\/blog\/?page_id=492"},"modified":"2025-04-08T13:32:23","modified_gmt":"2025-04-08T11:32:23","slug":"busqueda-bibliografica","status":"publish","type":"page","link":"https:\/\/cendoc.h12o.es\/blog\/busqueda-bibliografica\/","title":{"rendered":"B\u00fasqueda bibliogr\u00e1fica"},"content":{"rendered":"<p>Puede enviar su solicitud de b\u00fasqueda bibliogr\u00e1fica al correo electr\u00f3nico <a href=\"mailto:biblio.hdoc@salud.madrid.org\">biblio.hdoc@salud.madrid.org<\/a> o a trav\u00e9s del siguiente formulario:<\/p>\n\n<div class=\"wpcf7 no-js\" id=\"wpcf7-f6909-o1\" lang=\"es-ES\" dir=\"ltr\">\n<div class=\"screen-reader-response\"><p role=\"status\" aria-live=\"polite\" aria-atomic=\"true\"><\/p> <ul><\/ul><\/div>\n<form action=\"\/blog\/wp-json\/wp\/v2\/pages\/492#wpcf7-f6909-o1\" method=\"post\" class=\"wpcf7-form init\" aria-label=\"Formulario de contacto\" novalidate=\"novalidate\" data-status=\"init\">\n<div style=\"display: none;\">\n<input type=\"hidden\" name=\"_wpcf7\" value=\"6909\" \/>\n<input type=\"hidden\" name=\"_wpcf7_version\" value=\"5.9.8\" \/>\n<input type=\"hidden\" name=\"_wpcf7_locale\" value=\"es_ES\" \/>\n<input type=\"hidden\" name=\"_wpcf7_unit_tag\" value=\"wpcf7-f6909-o1\" \/>\n<input type=\"hidden\" name=\"_wpcf7_container_post\" value=\"0\" \/>\n<input type=\"hidden\" name=\"_wpcf7_posted_data_hash\" value=\"\" \/>\n<input type=\"hidden\" name=\"_wpcf7cf_hidden_group_fields\" value=\"[]\" \/>\n<input type=\"hidden\" name=\"_wpcf7cf_hidden_groups\" value=\"[]\" \/>\n<input type=\"hidden\" name=\"_wpcf7cf_visible_groups\" value=\"[]\" \/>\n<input type=\"hidden\" name=\"_wpcf7cf_repeaters\" value=\"[]\" \/>\n<input type=\"hidden\" name=\"_wpcf7cf_steps\" value=\"{}\" \/>\n<input type=\"hidden\" name=\"_wpcf7cf_options\" value=\"{&quot;form_id&quot;:6909,&quot;conditions&quot;:[{&quot;then_field&quot;:&quot;rango-edad-personalizado&quot;,&quot;and_rules&quot;:[{&quot;if_field&quot;:&quot;rango-edad&quot;,&quot;operator&quot;:&quot;equals&quot;,&quot;if_value&quot;:&quot;Intervalo personalizado&quot;}]},{&quot;then_field&quot;:&quot;idioma-otros&quot;,&quot;and_rules&quot;:[{&quot;if_field&quot;:&quot;idioma&quot;,&quot;operator&quot;:&quot;equals&quot;,&quot;if_value&quot;:&quot;Otros&quot;}]},{&quot;then_field&quot;:&quot;bases-datos-otras&quot;,&quot;and_rules&quot;:[{&quot;if_field&quot;:&quot;bases-datos&quot;,&quot;operator&quot;:&quot;equals&quot;,&quot;if_value&quot;:&quot;Otras&quot;}]},{&quot;then_field&quot;:&quot;ano-busqueda-intervalo-personalizado&quot;,&quot;and_rules&quot;:[{&quot;if_field&quot;:&quot;ano-busqueda&quot;,&quot;operator&quot;:&quot;equals&quot;,&quot;if_value&quot;:&quot;Intervalo personalizado&quot;}]},{&quot;then_field&quot;:&quot;finalidad-busqueda-otras&quot;,&quot;and_rules&quot;:[{&quot;if_field&quot;:&quot;finalidad-busqueda&quot;,&quot;operator&quot;:&quot;equals&quot;,&quot;if_value&quot;:&quot;Otras&quot;}]}],&quot;settings&quot;:{&quot;animation&quot;:&quot;yes&quot;,&quot;animation_intime&quot;:&quot;200&quot;,&quot;animation_outtime&quot;:&quot;200&quot;,&quot;conditions_ui&quot;:&quot;text_only&quot;,&quot;notice_dismissed&quot;:&quot;&quot;,&quot;notice_dismissed_update-cf7-6.0.3&quot;:true,&quot;notice_dismissed_update-cf7-6.0.5&quot;:true}}\" \/>\n<\/div>\n<p><label>Nombre y apellidos<br \/>\n<span class=\"wpcf7-form-control-wrap\" data-name=\"nombre-apellidos\"><input size=\"40\" maxlength=\"400\" class=\"wpcf7-form-control wpcf7-text wpcf7-validates-as-required\" aria-required=\"true\" aria-invalid=\"false\" value=\"\" type=\"text\" name=\"nombre-apellidos\" \/><\/span><\/label><br \/>\n<label>Servicio \/ Unidad<br \/>\n<span class=\"wpcf7-form-control-wrap\" data-name=\"servicio-unidad\"><input size=\"40\" maxlength=\"400\" class=\"wpcf7-form-control wpcf7-text wpcf7-validates-as-required\" aria-required=\"true\" aria-invalid=\"false\" value=\"\" type=\"text\" name=\"servicio-unidad\" \/><\/span><\/label><br \/>\n<label>Categor\u00eda profesional<br \/>\n<span class=\"wpcf7-form-control-wrap\" data-name=\"categoria-profesional\"><input size=\"40\" maxlength=\"400\" class=\"wpcf7-form-control wpcf7-text wpcf7-validates-as-required\" aria-required=\"true\" aria-invalid=\"false\" value=\"\" type=\"text\" name=\"categoria-profesional\" \/><\/span><\/label><br \/>\n<label>Correo electr\u00f3nico institucional<br \/>\n<span class=\"wpcf7-form-control-wrap\" data-name=\"correo-electronico-institucional\"><input size=\"40\" maxlength=\"400\" class=\"wpcf7-form-control wpcf7-email wpcf7-validates-as-required wpcf7-text wpcf7-validates-as-email\" aria-required=\"true\" aria-invalid=\"false\" value=\"\" type=\"email\" name=\"correo-electronico-institucional\" \/><\/span><\/label>\n<\/p>\n<p style=\"text-decoration:underline\">SOBRE LA BUSQUEDA\n<\/p>\n<p><label>Describa el tema de b\u00fasqueda<i style=\"font-size:.8rem;\"><br \/>\nCuanta mayor sea la informaci\u00f3n aportada sobre la descripci\u00f3n y detalle del tema de b\u00fasqueda, m\u00e1s exhaustivo y acertado ser\u00e1 el resultado<br \/>\n<\/i><\/label><br \/>\n<span class=\"wpcf7-form-control-wrap\" data-name=\"sobre-busqueda\"><textarea cols=\"40\" rows=\"10\" maxlength=\"2000\" class=\"wpcf7-form-control wpcf7-textarea\" aria-invalid=\"false\" name=\"sobre-busqueda\"><\/textarea><\/span>\n<\/p>\n<p><label>Palabras clave<i style=\"font-size:.8rem;\"><br \/>\nSi conoce los t\u00e9rminos o palabras claves que mejor definan su b\u00fasqueda utilizados en ingl\u00e9s, incluyendo sin\u00f3nimos y acr\u00f3nimos, por favor especifiquelos<br \/>\n<\/i><\/label><br \/>\n<span class=\"wpcf7-form-control-wrap\" data-name=\"palabras-clave\"><textarea cols=\"40\" rows=\"10\" maxlength=\"2000\" class=\"wpcf7-form-control wpcf7-textarea\" aria-invalid=\"false\" name=\"palabras-clave\"><\/textarea><\/span>\n<\/p>\n<p><label>Para cu\u00e1ndo necesita la b\u00fasqueda<i style=\"font-size:.8rem;\"><br \/>\nfecha orientativa y\/o fecha m\u00e1xima de entrega de la b\u00fasqueda. Se solicitar\u00e1n con 48 horas m\u00ednimo de antelaci\u00f3n y se enviar\u00e1n por email (AAAA-MM-DD)<br \/>\n<\/i><\/label><br \/>\n<span class=\"wpcf7-form-control-wrap\" data-name=\"fecha-busqueda\"><input class=\"wpcf7-form-control wpcf7-date wpcf7-validates-as-date\" aria-invalid=\"false\" value=\"\" type=\"date\" name=\"fecha-busqueda\" \/><\/span>\n<\/p>\n<p style=\"text-decoration:underline\">L\u00cdMITES\n<\/p>\n<p><label>Rango de edad del sujeto del estudio:<\/label><br \/>\n<span class=\"wpcf7-form-control-wrap\" data-name=\"rango-edad\"><span class=\"wpcf7-form-control wpcf7-checkbox\"><span class=\"wpcf7-list-item first\"><label><input type=\"checkbox\" name=\"rango-edad[]\" value=\"Neonatos (nacimiento \u2013 1 mes)\" \/><span class=\"wpcf7-list-item-label\">Neonatos (nacimiento \u2013 1 mes)<\/span><\/label><\/span><span class=\"wpcf7-list-item\"><label><input type=\"checkbox\" name=\"rango-edad[]\" value=\"Ni\u00f1os (nacimiento \u2013 18 a\u00f1os)\" \/><span class=\"wpcf7-list-item-label\">Ni\u00f1os (nacimiento \u2013 18 a\u00f1os)<\/span><\/label><\/span><span class=\"wpcf7-list-item\"><label><input type=\"checkbox\" name=\"rango-edad[]\" value=\"Adultos (+19 a\u00f1os)\" \/><span class=\"wpcf7-list-item-label\">Adultos (+19 a\u00f1os)<\/span><\/label><\/span><span class=\"wpcf7-list-item\"><label><input type=\"checkbox\" name=\"rango-edad[]\" value=\"Mayores (+65)\" \/><span class=\"wpcf7-list-item-label\">Mayores (+65)<\/span><\/label><\/span><span class=\"wpcf7-list-item last\"><label><input type=\"checkbox\" name=\"rango-edad[]\" value=\"Intervalo personalizado\" \/><span class=\"wpcf7-list-item-label\">Intervalo personalizado<\/span><\/label><\/span><\/span><\/span>\n<\/p>\n<div data-id=\"rango-edad-personalizado\" data-orig_data_id=\"rango-edad-personalizado\"  data-class=\"wpcf7cf_group\">\n\t<p><span class=\"wpcf7-form-control-wrap\" data-name=\"rango-edad-personalizado\"><input size=\"40\" maxlength=\"400\" class=\"wpcf7-form-control wpcf7-text\" aria-invalid=\"false\" value=\"\" type=\"text\" name=\"rango-edad-personalizado\" \/><\/span>\n\t<\/p>\n<\/div>\n<p><label>N\u00famero m\u00e1ximo de referencias recuperadas<\/label><br \/>\n<span class=\"wpcf7-form-control-wrap\" data-name=\"numero-referencias\"><select class=\"wpcf7-form-control wpcf7-select\" aria-invalid=\"false\" name=\"numero-referencias\"><option value=\"\">&#8212;Por favor, elige una opci\u00f3n&#8212;<\/option><option value=\"0-50\">0-50<\/option><option value=\"50-100\">50-100<\/option><option value=\"+100\">+100<\/option><\/select><\/span>\n<\/p>\n<p><label>Idioma<\/label><br \/>\n<span class=\"wpcf7-form-control-wrap\" data-name=\"idioma\"><span class=\"wpcf7-form-control wpcf7-checkbox\"><span class=\"wpcf7-list-item first\"><label><input type=\"checkbox\" name=\"idioma[]\" value=\"Castellano\" \/><span class=\"wpcf7-list-item-label\">Castellano<\/span><\/label><\/span><span class=\"wpcf7-list-item\"><label><input type=\"checkbox\" name=\"idioma[]\" value=\"Alem\u00e1n\" \/><span class=\"wpcf7-list-item-label\">Alem\u00e1n<\/span><\/label><\/span><span class=\"wpcf7-list-item\"><label><input type=\"checkbox\" name=\"idioma[]\" value=\"Ingl\u00e9s\" \/><span class=\"wpcf7-list-item-label\">Ingl\u00e9s<\/span><\/label><\/span><span class=\"wpcf7-list-item\"><label><input type=\"checkbox\" name=\"idioma[]\" value=\"Todos\" \/><span class=\"wpcf7-list-item-label\">Todos<\/span><\/label><\/span><span class=\"wpcf7-list-item\"><label><input type=\"checkbox\" name=\"idioma[]\" value=\"Franc\u00e9s\" \/><span class=\"wpcf7-list-item-label\">Franc\u00e9s<\/span><\/label><\/span><span class=\"wpcf7-list-item last\"><label><input type=\"checkbox\" name=\"idioma[]\" value=\"Otros\" \/><span class=\"wpcf7-list-item-label\">Otros<\/span><\/label><\/span><\/span><\/span>\n<\/p>\n<div data-id=\"idioma-otros\" data-orig_data_id=\"idioma-otros\"  data-class=\"wpcf7cf_group\">\n\t<p><span class=\"wpcf7-form-control-wrap\" data-name=\"idioma-otros\"><input size=\"40\" maxlength=\"400\" class=\"wpcf7-form-control wpcf7-text\" aria-invalid=\"false\" value=\"\" type=\"text\" name=\"idioma-otros\" \/><\/span>\n\t<\/p>\n<\/div>\n<p><label>A\u00f1o de b\u00fasqueda<\/label><br \/>\n<span class=\"wpcf7-form-control-wrap\" data-name=\"ano-busqueda\"><select class=\"wpcf7-form-control wpcf7-select\" aria-invalid=\"false\" name=\"ano-busqueda\"><option value=\"\">&#8212;Por favor, elige una opci\u00f3n&#8212;<\/option><option value=\"\u00daltimo a\u00f1o\">\u00daltimo a\u00f1o<\/option><option value=\"Sin l\u00edmite de tiempo\">Sin l\u00edmite de tiempo<\/option><option value=\"\u00daltimos 5 a\u00f1os\">\u00daltimos 5 a\u00f1os<\/option><option value=\"Intervalo personalizado\">Intervalo personalizado<\/option><option value=\"\u00daltimos 10 a\u00f1os\">\u00daltimos 10 a\u00f1os<\/option><\/select><\/span>\n<\/p>\n<div data-id=\"ano-busqueda-intervalo-personalizado\" data-orig_data_id=\"ano-busqueda-intervalo-personalizado\"  data-class=\"wpcf7cf_group\">\n\t<p><span class=\"wpcf7-form-control-wrap\" data-name=\"ano-busqueda-intervalo-personalizado\"><input size=\"40\" maxlength=\"400\" class=\"wpcf7-form-control wpcf7-text\" aria-invalid=\"false\" value=\"\" type=\"text\" name=\"ano-busqueda-intervalo-personalizado\" \/><\/span>\n\t<\/p>\n<\/div>\n<p><label>Bases de datos a consultar <i style=\"font-size:.8rem;\">cada base de datos se computar\u00e1 como una b\u00fasqueda diferente)<\/i><\/label><br \/>\n<span class=\"wpcf7-form-control-wrap\" data-name=\"bases-datos\"><span class=\"wpcf7-form-control wpcf7-checkbox\"><span class=\"wpcf7-list-item first\"><label><input type=\"checkbox\" name=\"bases-datos[]\" value=\"Pubmed\" \/><span class=\"wpcf7-list-item-label\">Pubmed<\/span><\/label><\/span><span class=\"wpcf7-list-item\"><label><input type=\"checkbox\" name=\"bases-datos[]\" value=\"Up to Date\" \/><span class=\"wpcf7-list-item-label\">Up to Date<\/span><\/label><\/span><span class=\"wpcf7-list-item\"><label><input type=\"checkbox\" name=\"bases-datos[]\" value=\"Embase\" \/><span class=\"wpcf7-list-item-label\">Embase<\/span><\/label><\/span><span class=\"wpcf7-list-item\"><label><input type=\"checkbox\" name=\"bases-datos[]\" value=\"WOS\" \/><span class=\"wpcf7-list-item-label\">WOS<\/span><\/label><\/span><span class=\"wpcf7-list-item last\"><label><input type=\"checkbox\" name=\"bases-datos[]\" value=\"Otras\" \/><span class=\"wpcf7-list-item-label\">Otras<\/span><\/label><\/span><\/span><\/span>\n<\/p>\n<div data-id=\"bases-datos-otras\" data-orig_data_id=\"bases-datos-otras\"  data-class=\"wpcf7cf_group\">\n\t<p><span class=\"wpcf7-form-control-wrap\" data-name=\"bases-datos-otras\"><input size=\"40\" maxlength=\"400\" class=\"wpcf7-form-control wpcf7-text\" aria-invalid=\"false\" value=\"\" type=\"text\" name=\"bases-datos-otras\" \/><\/span>\n\t<\/p>\n<\/div>\n<p style=\"text-decoration:underline\">FINALIDAD B\u00daSQUEDA\n<\/p>\n<p><span class=\"wpcf7-form-control-wrap\" data-name=\"finalidad-busqueda\"><select class=\"wpcf7-form-control wpcf7-select\" aria-invalid=\"false\" name=\"finalidad-busqueda\"><option value=\"\">&#8212;Por favor, elige una opci\u00f3n&#8212;<\/option><option value=\"Caso cl\u00ednico\">Caso cl\u00ednico<\/option><option value=\"Sesi\u00f3n servicio\">Sesi\u00f3n servicio<\/option><option value=\"Actualizaci\u00f3n sobre el tema\">Actualizaci\u00f3n sobre el tema<\/option><option value=\"Publicaci\u00f3n cient\u00edfica\">Publicaci\u00f3n cient\u00edfica<\/option><option value=\"Jornadas \/ Congresos\">Jornadas \/ Congresos<\/option><option value=\"Tesis Doctoral u otro trabajo acad\u00e9mico\">Tesis Doctoral u otro trabajo acad\u00e9mico<\/option><option value=\"Revisi\u00f3n sistem\u00e1tica\">Revisi\u00f3n sistem\u00e1tica<\/option><option value=\"Otras\">Otras<\/option><\/select><\/span>\n<\/p>\n<div data-id=\"finalidad-busqueda-otras\" data-orig_data_id=\"finalidad-busqueda-otras\"  data-class=\"wpcf7cf_group\">\n\t<p><span class=\"wpcf7-form-control-wrap\" data-name=\"finalidad-busqueda-otras\"><input size=\"40\" maxlength=\"400\" class=\"wpcf7-form-control wpcf7-text\" aria-invalid=\"false\" value=\"\" type=\"text\" name=\"finalidad-busqueda-otras\" \/><\/span>\n\t<\/p>\n<\/div>\n<p style=\"text-decoration:underline\">REVISIONES SISTEM\u00c1TICAS\n<\/p>\n<p><i>En las b\u00fasquedas para Revisiones Sistem\u00e1ticas y\/o Metaan\u00e1lisis es recomendable concertar una cita previa presencial con la bibliotecaria\u00a0en horario de 8:00 a 15:00 horas con una antelaci\u00f3n m\u00ednima de 48 horas.\u00a0La bibliotecaria se pondr\u00e1 en contacto con usted lo antes posible para confirmar o agendar una fecha.<\/i>\n<\/p>\n<p><input class=\"wpcf7-form-control wpcf7-submit has-spinner\" type=\"submit\" value=\"Enviar\" \/>\n<\/p><p style=\"display: none !important;\" class=\"akismet-fields-container\" data-prefix=\"_wpcf7_ak_\"><label>&#916;<textarea name=\"_wpcf7_ak_hp_textarea\" cols=\"45\" rows=\"8\" maxlength=\"100\"><\/textarea><\/label><input type=\"hidden\" id=\"ak_js_1\" name=\"_wpcf7_ak_js\" value=\"211\"\/><script>document.getElementById( \"ak_js_1\" ).setAttribute( \"value\", ( new Date() ).getTime() );<\/script><\/p><div class=\"wpcf7-response-output\" aria-hidden=\"true\"><\/div>\n<\/form>\n<\/div>\n\n","protected":false},"excerpt":{"rendered":"<p>Puede enviar su solicitud de b\u00fasqueda bibliogr\u00e1fica al correo electr\u00f3nico biblio.hdoc@salud.madrid.org o a trav\u00e9s del siguiente formulario:<\/p>\n<p class=\"continue-reading-button\"> <a class=\"continue-reading-link\" href=\"https:\/\/cendoc.h12o.es\/blog\/busqueda-bibliografica\/\">Continuar leyendo<i class=\"crycon-right-dir\"><\/i><\/a><\/p>\n","protected":false},"author":7,"featured_media":0,"parent":0,"menu_order":0,"comment_status":"closed","ping_status":"closed","template":"","meta":{"jetpack_post_was_ever_published":false,"footnotes":""},"jetpack_shortlink":"https:\/\/wp.me\/P3G9TJ-7W","jetpack_sharing_enabled":true,"_links":{"self":[{"href":"https:\/\/cendoc.h12o.es\/blog\/wp-json\/wp\/v2\/pages\/492"}],"collection":[{"href":"https:\/\/cendoc.h12o.es\/blog\/wp-json\/wp\/v2\/pages"}],"about":[{"href":"https:\/\/cendoc.h12o.es\/blog\/wp-json\/wp\/v2\/types\/page"}],"author":[{"embeddable":true,"href":"https:\/\/cendoc.h12o.es\/blog\/wp-json\/wp\/v2\/users\/7"}],"replies":[{"embeddable":true,"href":"https:\/\/cendoc.h12o.es\/blog\/wp-json\/wp\/v2\/comments?post=492"}],"version-history":[{"count":12,"href":"https:\/\/cendoc.h12o.es\/blog\/wp-json\/wp\/v2\/pages\/492\/revisions"}],"predecessor-version":[{"id":7633,"href":"https:\/\/cendoc.h12o.es\/blog\/wp-json\/wp\/v2\/pages\/492\/revisions\/7633"}],"wp:attachment":[{"href":"https:\/\/cendoc.h12o.es\/blog\/wp-json\/wp\/v2\/media?parent=492"}],"curies":[{"name":"wp","href":"https:\/\/api.w.org\/{rel}","templated":true}]}}