{"id":502,"date":"2016-07-21T09:16:10","date_gmt":"2016-07-21T09:16:10","guid":{"rendered":"http:\/\/cendoc.h12o.es\/blog\/?page_id=502"},"modified":"2026-04-08T18:05:00","modified_gmt":"2026-04-08T16:05:00","slug":"produccion-cientifica","status":"publish","type":"page","link":"https:\/\/cendoc.h12o.es\/blog\/produccion-cientifica\/","title":{"rendered":"Producci\u00f3n Cient\u00edfica"},"content":{"rendered":"<p>A continuaci\u00f3n, la biblioteca recopila la producci\u00f3n cient\u00edfica del hospital anualmente y clasificada por Servicios. En caso de que falte alguna referencia, puede hac\u00e9rnosla llegar desde el siguiente <a href=\"https:\/\/docs.google.com\/forms\/d\/e\/1FAIpQLSeyVrEZSsoCWkUJloxPX1fOutjdF_oXUAhYbG-PFfrBAQonXg\/viewform\">formulario<\/a>.<\/p>\n<ul>\n<li><a href=\"https:\/\/2025pch12o.wordpress.com\/\">2025<\/a><\/li>\n<li><a href=\"https:\/\/2024produccioncientificah12o.wordpress.com\">2024<\/a><\/li>\n<li><a href=\"https:\/\/pch12o2023.wordpress.com\/\">2023<\/a><\/li>\n<li><a href=\"http:\/\/produccioncientificah12o2022.wordpress.com\">2022<\/a><\/li>\n<li><a href=\"http:\/\/h12opc2021.wordpress.com\">2021<\/a><\/li>\n<li><a href=\"https:\/\/h12oproduccioncientifica2020.wordpress.com\/\">2020<\/a><\/li>\n<li><a href=\"https:\/\/h120pc2019.wordpress.com\/\">2019<\/a><\/li>\n<li><a href=\"https:\/\/pc2018hospital12deoctubre.wordpress.com\/\">2018<\/a><\/li>\n<li><a href=\"https:\/\/h12opc2016.wordpress.com\/\">2016-2017<\/a><\/li>\n<li><a href=\"https:\/\/20112015produccioncientificahospital12deoctubre.wordpress.com\/\">2011-2015<\/a><\/li>\n<li><a href=\"https:\/\/20012010produccioncientificahospital12deoctubre.wordpress.com\">2001-2010<\/a><\/li>\n<li><a href=\"https:\/\/19912000produccioncientificahospital12deoctubre.wordpress.com\/\">1991-2000<\/a><\/li>\n<li><a href=\"https:\/\/19731990produccioncientificahospital12deoctubre.wordpress.com\/\">1973-1990<\/a><\/li>\n<\/ul>\n","protected":false},"excerpt":{"rendered":"<p>A continuaci\u00f3n, la biblioteca recopila la producci\u00f3n cient\u00edfica del hospital anualmente y clasificada por Servicios. En caso de que falte alguna referencia, puede hac\u00e9rnosla llegar desde el siguiente formulario. 2025 2024 2023 2022 2021 2020 2019 2018 2016-2017 2011-2015 2001-2010 1991-2000 1973-1990<\/p>\n<p class=\"continue-reading-button\"> <a class=\"continue-reading-link\" href=\"https:\/\/cendoc.h12o.es\/blog\/produccion-cientifica\/\">Continuar leyendo<i class=\"crycon-right-dir\"><\/i><\/a><\/p>\n","protected":false},"author":8,"featured_media":0,"parent":0,"menu_order":0,"comment_status":"closed","ping_status":"closed","template":"","meta":{"jetpack_post_was_ever_published":false,"footnotes":""},"jetpack_shortlink":"https:\/\/wp.me\/P3G9TJ-86","jetpack_sharing_enabled":true,"_links":{"self":[{"href":"https:\/\/cendoc.h12o.es\/blog\/wp-json\/wp\/v2\/pages\/502"}],"collection":[{"href":"https:\/\/cendoc.h12o.es\/blog\/wp-json\/wp\/v2\/pages"}],"about":[{"href":"https:\/\/cendoc.h12o.es\/blog\/wp-json\/wp\/v2\/types\/page"}],"author":[{"embeddable":true,"href":"https:\/\/cendoc.h12o.es\/blog\/wp-json\/wp\/v2\/users\/8"}],"replies":[{"embeddable":true,"href":"https:\/\/cendoc.h12o.es\/blog\/wp-json\/wp\/v2\/comments?post=502"}],"version-history":[{"count":94,"href":"https:\/\/cendoc.h12o.es\/blog\/wp-json\/wp\/v2\/pages\/502\/revisions"}],"predecessor-version":[{"id":11339,"href":"https:\/\/cendoc.h12o.es\/blog\/wp-json\/wp\/v2\/pages\/502\/revisions\/11339"}],"wp:attachment":[{"href":"https:\/\/cendoc.h12o.es\/blog\/wp-json\/wp\/v2\/media?parent=502"}],"curies":[{"name":"wp","href":"https:\/\/api.w.org\/{rel}","templated":true}]}}